{"id":113,"date":"2020-02-25T15:04:13","date_gmt":"2020-02-25T14:04:13","guid":{"rendered":"https:\/\/www.juliaschoeneberg.de\/?page_id=113"},"modified":"2024-01-02T13:26:18","modified_gmt":"2024-01-02T12:26:18","slug":"publications-2","status":"publish","type":"page","link":"https:\/\/juliaschoeneberg.de\/?page_id=113","title":{"rendered":"Publications"},"content":{"rendered":"<p class=\"bodytext\"><b>Monograph<\/b><\/p>\n<p class=\"bodytext\">(2016) <span lang=\"en-US\">Making Development Political. NGOs as Agents for Alternatives to Development,<\/span><span lang=\"de\"> Nomos: Baden-Baden 2016.<\/span> <span lang=\"de\">DOI: <a href=\"https:\/\/doi.org\/10.5771\/9783845272887\" target=\"_self\" rel=\"noopener noreferrer\">10.5771\/9783845272887<\/a><\/span><b><\/b><\/p>\n<p class=\"bodytext\"><b><span lang=\"de\">Journal articles (peer-reviewed)<\/span><\/b><\/p>\n<p>(2023) <a href=\"https:\/\/bristoluniversitypressdigital.com\/view\/journals\/gd\/aop\/article-10.1332-20437897Y2023D000000010\/article-10.1332-20437897Y2023D000000010.xml\">(Un)Doing performative decolonisation in the global development \u2018imaginaries\u2019 of academia. <\/a><em>Global Discourse<\/em> (published online ahead of print 2023), mit Lata Narayanaswamy<\/p>\n<p>(2022) <a href=\"https:\/\/link.springer.com\/article\/10.1007\/s11625-022-01164-5\">The many faces of Post-Development: alternatives to development in Tanzania, Iran and Haiti<\/a>, <em>Sustainability Science<\/em>, Published online: 21 June 2022, with Daniel Haudenschild, Hadi Darvishi, Somayeh Momeni &amp; Aram Ziai<\/p>\n<p>(2021) <a href=\"https:\/\/www.tandfonline.com\/doi\/abs\/10.1080\/02255189.2021.1871593?forwardService=showFullText&amp;tokenAccess=GVR2EUPWNFABUZ4R8K2G&amp;tokenDomain=eprints&amp;doi=10.1080%2F02255189.2021.1871593&amp;doi=10.1080%2F02255189.2021.1871593&amp;doi=10.1080%2F02255189.2021.1871593&amp;target=10.1080%2F02255189.2021.1871593&amp;journalCode=rcjd20\">Why positionalities matter: reflections on power, hierarchy, and knowledges in \u201cdevelopment\u201d research<\/a>, Canadian Journal of Development Studies \/ Revue canadienne d&#8217;\u00e9tudes du d\u00e9veloppement, DOI: 10.1080\/02255189.2021.1871593, with Arda Bilgen and Aftab Nasir<\/p>\n<p class=\"bodytext\"><span lang=\"fr\">(2017) <a href=\"https:\/\/www.tandfonline.com\/doi\/full\/10.1080\/01436597.2016.1199946?scroll=top&amp;needAccess=true\">NGO partnerships in Haiti: clashes of discourse and reality<\/a>, <i>Third World Quarterly<\/i>, Vol. 38 (3), 2017. DOI: 10.1080\/01436597.2016.1199946<\/span><\/p>\n<p class=\"bodytext\"><b><span lang=\"de\">As Editor<br \/>\n<\/span><\/b><\/p>\n<p>(2023) Guest Editor for Volume 31, Issue 2&amp;3 of <a href=\"https:\/\/www.tandfonline.com\/toc\/cgde20\/31\/2-3\"><em>Gender and Development<\/em>: Decolonising Knowledge and Practice<\/a> (mit Shivani Satija, Anandita Ghosh, Lata Narayanaswamy, Lina Abou-Habib, Montserrat Algarabel)<\/p>\n<p><span lang=\"de\">(2021) Dekolonisierung der Entwicklungszusammenarbeit und Postdevelopment Alternativen \u2013 Akteur*innen, Institutionen, Praxis, Baden-Baden: Nomos, with Aram Ziai<\/span><\/p>\n<p><span lang=\"de\">(2021) <a href=\"http:\/\/www.polylog.net\/aktuelles-heft\/polylog-44\/\">Kritische Entwicklungstheorie und Interkulturelle Philosophie im Dialog<\/a>, <i>POLYLOG \u2013 Zeitschrift f\u00fcr Interkulturelles Philosophieren, polylog 44, winter 2020<\/i>, with Franz Gmainer-Pranzl<\/span><\/p>\n<p>(2020)<a href=\"https:\/\/journals.ufs.ac.za\/index.php\/aa\/issue\/view\/442\"> &#8220;How do we know the world?! &#8211; Collective engagements with the (de)coloniality of development research and teaching\u201d<\/a>, A<i>cta Academica<\/i>, with Lata Narayanaswamy and the Convivial Thinking Writing Collective<\/p>\n<p class=\"bodytext\"><b><span lang=\"de\">Book chapters (peer-reviewed)<br \/>\n<\/span><\/b><\/p>\n<p class=\"bodytext\"><span lang=\"en-US\">(2019) Imagining Postcolonial-Development Studies \u2013 Reflections on Positionality and Research Practices, in: Baud, Isabelle, Tiina Kontinen, Elisabetta Basile (eds.): Building Development Studies for the New Millennium. Palgrave MacMillan: London.<\/span><span lang=\"en-US\"> DOI: <\/span><a href=\"https:\/\/doi.org\/10.1007\/978-3-030-04052-9_5\" target=\"_blank\" rel=\"noopener noreferrer\" data-auth=\"NotApplicable\"><span lang=\"en-US\">10.1007\/978-3-030-04052-9_5<\/span><\/a><\/p>\n<p class=\"bodytext\"><span lang=\"en-US\">(2019) Manoeuvering political realms: Alternatives to Development in Haiti, in: Elise Klein, Carlos Eduardo Morreo (eds.) <\/span><span lang=\"de\">Post-Development in Practice, Routledge: London. <\/span><\/p>\n<p class=\"bodytext\"><b><span lang=\"de\">Book chapters<br \/>\n<\/span><\/b><\/p>\n<p>(Forthcoming) Das Transformationsversprechen der SDGs: Nachhaltigkeit, \u201aEntwicklung\u2018 \u2013 und Gerechtigkeit? (with Mia Kristin H\u00e4ckl) <span lang=\"de\">in: Salzburger interdisziplin\u00e4re Diskurse, Peter Lang Verlag: Frankfurt a.M.<\/span><\/p>\n<p>(2021) Praktische Konsequenzen der Postdevelopment Kritik? \u2013 INGOs und Alternativen zur Entwicklung, in: Julia Sch\u00f6neberg, Aram Ziai (eds.). <span lang=\"de\">Dekolonisierung der Entwicklungszusammenarbeit und Postdevelopment Alternativen \u2013 Akteur*innen, Institutionen, Praxis, Baden-Baden: Nomos. <\/span><\/p>\n<p class=\"bodytext\"><span lang=\"de\">(2021) Global Citizenship Education &#8211; Bildung f\u00fcr eine pluriverse Welt?, in: Bettina Brandstetter, Ulrike Greiner, Franz Gmainer-Pranzl (eds.) Von \u201esch\u00f6ner Vielfalt\u201c zu prek\u00e4rer Heterogenit\u00e4t, Salzburger interdisziplin\u00e4re Diskurse, Peter Lang Verlag: Frankfurt a.M.<\/span><\/p>\n<p class=\"bodytext\"><span lang=\"de\">(2020) Mete T\u00e8t Ansanm \u2013 Auf der Suche nach Alternativen zur Entwicklung in Haiti, in: Anita R\u00f6tzer, Franz Gmainer-Pranzl (eds.): Shrinking Spaces &#8211; Mehr Raum f\u00fcr globale Zivilgesellschaft!, Salzburger interdisziplin\u00e4re Diskurse, Peter Lang Verlag: Frankfurt a.M.<\/span><\/p>\n<p class=\"bodytext\"><span lang=\"de\">(2016) INGOs in Haiti: Entwicklungsakteure als Promotoren von Alternativen zur Entwicklung? In: Gmainer-Pranzl, Franz und Angela Schottenhammer (eds.) (2016): Wissenschaft und globales Denken, Salzburger interdisziplin\u00e4re Diskurse &#8211; Band 7. Frankfurt am Main: Peter Lang.<\/span><\/p>\n<p class=\"bodytext\"><b><span lang=\"de\">Other Articles<\/span><\/b><\/p>\n<div class=\"suggested-citation\">\n<div class=\"suggested-citation\">\n<p>(2022) Kann es dekoloniale Entwicklungszusammenarbeit geben?, in: <a href=\"https:\/\/franziskaner-helfen.de\/mediathek\/gruene-reihe\/\">Kontinuit\u00e4t des Unrechts. Das koloniale Erbe von Entwicklung und Mission<\/a>, Gr\u00fcne Reihe 122<\/p>\n<p>(2020) Knowledge and Science Advice during and after COVID-19: Re-Imagining Notions of \u2018Expertise\u2019 for Postnormal Times, with Maru Mormina and Lata Narayanaswamy, (December 22, 2020). Preprint. <a href=\"https:\/\/ssrn.com\/abstract=3790389\">Available at SSRN.<\/a><\/p>\n<p>(2020)<a href=\"https:\/\/www.dandc.eu\/en\/article\/term-development-makes-false-promises-and-perpetuates-colonial-dominance-thinking\"> \u2018Development\u2019: False promises, questionable term<\/a>, with Aram Ziai, Development + Cooperation, e-Paper no. 9 2020, 2020\/09<\/p>\n<p>(2018) Manevwe dom\u00e8n politik la: Sip\u00f2te lit la a trav\u00e8 finasman chanjman sosyal lan, in: Chantiers, Revue des Sciences humaines et sociales de l\u2019Universit\u00e9 d\u2019\u00e9tat d\u2019Ha\u00efti Num\u00e9ro sp\u00e9cial \u201cLes ONG en Ha\u00efti : vers de nouveaux paradigmes explicatifs\u201d, Port-au-Prince.<\/p>\n<\/div>\n<p class=\"bodytext\"><b>Reviews<\/b><\/p>\n<p>(2023) &#8220;Braiding Sweetgrass. Indigenous Wisdom, Scientific Knowledge and the Teaching of Plants&#8221; (Robin Wall Kimmerer), in: <a href=\"https:\/\/www.fkw-journal.de\/index.php\/fkw\/article\/view\/1671\/1644\">FKW\/\/ Zeitschrift f\u00fcr Geschlechterforschung und Visuelle Kultur<\/a><\/p>\n<p>(2021) <span class=\"art_title\"><a href=\"https:\/\/www.tandfonline.com\/eprint\/EMPK9I5U297WEWMMEQGW\/full?target=10.1080\/09644016.2021.1911443\">Urgencies and imperatives for revolutionary (environmental) transitions: from degrowth and postdevelopment towards the pluriverse?<\/a>, with Jorge Garcia-Arias,<\/span> <span class=\"serial_title\">Environmental Politics,<\/span><span class=\"doi_link\">DOI <a href=\"https:\/\/doi.org\/10.1080\/09644016.2021.1911443\">10.1080\/09644016.2021.1911443<\/a><\/span><\/p>\n<\/div>\n<p>(2019) &#8220;Global Development and Colonial Power. German Development Policy at Home and Abroad \u201c (Daniel Bendix), in: Peripherie Nr. 154\/155, 313-315.<\/p>\n<div><\/div>\n<div>\n<p class=\"bodytext\"><b>Working Papers<\/b><\/p>\n<p>(2023)<a href=\"https:\/\/www.uni-kassel.de\/fb05\/index.php?eID=dumpFile&amp;t=f&amp;f=2626&amp;token=2b7542271be68b6885598c182e9bd537ad3decf0\"> <span class=\"fontstyle0\">(How) can public policies enable transformation? -Theory and practice <\/span><\/a><span class=\"fontstyle0\">of Post-Development in relation to the state, with Ana Agostino, DPS Working Paper <\/span><span class=\"fontstyle0\">Series<\/span><\/p>\n<\/div>\n<div class=\"suggested-citation\">\n<p>(2022) <a href=\"https:\/\/www.uni-kassel.de\/fb05\/fachgruppen-und-institute\/politikwissenschaft\/fachgebiete\/entwicklungspolitik-und-postkoloniale-studien\/dps-working-papers\">Alternatives to \u2018development\u2019? Exploring counter\u2010hegemonic practices<\/a><br \/>\n(with)in politics, economies and knowledges, DPS Working Paper Series<\/p>\n<p>(2021) <a href=\"https:\/\/www.uni-kassel.de\/fb05\/fachgruppen-und-institute\/politikwissenschaft\/fachgebiete\/entwicklungspolitik-und-postkoloniale-studien\/dps-working-papers\">Layers of Post-Development: De- and reconstructions in a world in which many worlds exist<\/a>, DPS Working Paper Series<\/p>\n<p class=\"bodytext\"><span lang=\"en-US\">(2016) <a href=\"https:\/\/www.uni-kassel.de\/fb05\/fachgruppen-und-institute\/politikwissenschaft\/fachgebiete\/entwicklungspolitik-und-postkoloniale-studien\/dps-working-papers\">Partnership and cooperation in Haiti: Clashes of reality and construction<\/a>. DPS Working Paper Series No. 4, Department for Development and Postcolonial Studies, University Kassel. <\/span><\/p>\n<p class=\"bodytext\"><span lang=\"en-US\">(2015) <\/span><a href=\"https:\/\/www.zef.de\/uploads\/tx_zefportal\/Publications\/Research_in_Brief_Haiti.pdf\" target=\"_self\" rel=\"noopener noreferrer\"><span lang=\"en-US\">NGOs: Development actors as agents for alternatives to development? <\/span>Exploring the case of Haiti.<\/a> ZEF Research in Brief, Centre for Development Research, Bonn, September 2015.<\/p>\n<\/div>\n","protected":false},"excerpt":{"rendered":"<p>Monograph (2016) Making Development Political. NGOs as Agents for Alternatives to Development, Nomos: Baden-Baden 2016. DOI: 10.5771\/9783845272887 Journal articles (peer-reviewed) (2023) (Un)Doing performative decolonisation in the global development \u2018imaginaries\u2019 of academia. Global Discourse (published online ahead of print 2023), mit Lata Narayanaswamy (2022) The many faces of Post-Development: alternatives to development in Tanzania, Iran and Haiti, Sustainability Science, Published online: 21 June 2022, with Daniel Haudenschild, Hadi Darvishi, Somayeh Momeni &amp; Aram Ziai (2021) Why positionalities matter: reflections on power, hierarchy, and knowledges in \u201cdevelopment\u201d research, Canadian Journal of Development Studies \/ Revue canadienne d&#8217;\u00e9tudes du d\u00e9veloppement, DOI: 10.1080\/02255189.2021.1871593, with Arda Bilgen and Aftab Nasir (2017) NGO partnerships in Haiti: clashes of discourse and reality, Third World Quarterly, Vol. 38 (3), 2017. DOI: 10.1080\/01436597.2016.1199946 As Editor (2023) Guest Editor for Volume 31, Issue 2&amp;3 of Gender and Development: Decolonising Knowledge and Practice (mit Shivani Satija, Anandita Ghosh, Lata Narayanaswamy, Lina Abou-Habib, Montserrat Algarabel) (2021) Dekolonisierung der Entwicklungszusammenarbeit und Postdevelopment Alternativen \u2013 Akteur*innen, Institutionen, Praxis, Baden-Baden: Nomos, with Aram Ziai (2021) Kritische Entwicklungstheorie und Interkulturelle Philosophie im Dialog, POLYLOG \u2013 Zeitschrift f\u00fcr Interkulturelles Philosophieren, polylog 44, winter 2020, with Franz Gmainer-Pranzl (2020) &#8220;How do we know the world?! &#8211; Collective engagements with the (de)coloniality of development research and teaching\u201d, Acta Academica, with Lata Narayanaswamy and the Convivial Thinking Writing Collective Book chapters (peer-reviewed) (2019) Imagining Postcolonial-Development Studies \u2013 Reflections on Positionality and Research Practices, in: Baud, Isabelle, Tiina Kontinen, Elisabetta Basile (eds.): Building Development Studies for the New Millennium. Palgrave MacMillan: London. DOI: 10.1007\/978-3-030-04052-9_5 (2019) Manoeuvering political realms: Alternatives to Development in Haiti, in: Elise Klein, Carlos Eduardo Morreo (eds.) Post-Development in Practice, Routledge: London. Book chapters (Forthcoming) Das Transformationsversprechen der SDGs: Nachhaltigkeit, \u201aEntwicklung\u2018 \u2013 und Gerechtigkeit? (with Mia Kristin H\u00e4ckl) in: Salzburger interdisziplin\u00e4re Diskurse, Peter Lang Verlag: Frankfurt a.M. (2021) Praktische Konsequenzen der Postdevelopment Kritik? \u2013 INGOs und Alternativen zur Entwicklung, in: Julia Sch\u00f6neberg, Aram Ziai (eds.). Dekolonisierung der Entwicklungszusammenarbeit und Postdevelopment Alternativen \u2013 Akteur*innen, Institutionen, Praxis, Baden-Baden: Nomos. (2021) Global Citizenship Education &#8211; Bildung f\u00fcr eine pluriverse Welt?, in: Bettina Brandstetter, Ulrike Greiner, Franz Gmainer-Pranzl (eds.) Von \u201esch\u00f6ner Vielfalt\u201c zu prek\u00e4rer Heterogenit\u00e4t, Salzburger interdisziplin\u00e4re Diskurse, Peter Lang Verlag: Frankfurt a.M. (2020) Mete T\u00e8t Ansanm \u2013 Auf der Suche nach Alternativen zur Entwicklung in Haiti, in: Anita R\u00f6tzer, Franz Gmainer-Pranzl (eds.): Shrinking Spaces &#8211; Mehr Raum f\u00fcr globale Zivilgesellschaft!, Salzburger interdisziplin\u00e4re Diskurse, Peter Lang Verlag: Frankfurt a.M. (2016) INGOs in Haiti: Entwicklungsakteure als Promotoren von Alternativen zur Entwicklung? In: Gmainer-Pranzl, Franz und Angela Schottenhammer (eds.) (2016): Wissenschaft und globales Denken, Salzburger interdisziplin\u00e4re Diskurse &#8211; Band 7. Frankfurt am Main: Peter Lang. Other Articles (2022) Kann es dekoloniale Entwicklungszusammenarbeit geben?, in: Kontinuit\u00e4t des Unrechts. Das koloniale Erbe von Entwicklung und Mission, Gr\u00fcne Reihe 122 (2020) Knowledge and Science Advice during and after COVID-19: Re-Imagining Notions of \u2018Expertise\u2019 for Postnormal Times, with Maru Mormina and Lata Narayanaswamy, (December 22, 2020). Preprint. Available at SSRN. (2020) \u2018Development\u2019: False promises, questionable term, with Aram Ziai, Development + Cooperation, e-Paper no. 9 2020, 2020\/09 (2018) Manevwe dom\u00e8n politik la: Sip\u00f2te lit la a trav\u00e8 finasman chanjman sosyal lan, in: Chantiers, Revue des Sciences humaines et sociales de l\u2019Universit\u00e9 d\u2019\u00e9tat d\u2019Ha\u00efti Num\u00e9ro sp\u00e9cial \u201cLes ONG en Ha\u00efti : vers de nouveaux paradigmes explicatifs\u201d, Port-au-Prince. Reviews (2023) &#8220;Braiding Sweetgrass. Indigenous Wisdom, Scientific Knowledge and the Teaching of Plants&#8221; (Robin Wall Kimmerer), in: FKW\/\/ Zeitschrift f\u00fcr Geschlechterforschung und Visuelle Kultur (2021) Urgencies and imperatives for revolutionary (environmental) transitions: from degrowth and postdevelopment towards the pluriverse?, with Jorge Garcia-Arias, Environmental Politics,DOI 10.1080\/09644016.2021.1911443 (2019) &#8220;Global Development and Colonial Power. German Development Policy at Home and Abroad \u201c (Daniel Bendix), in: Peripherie Nr. 154\/155, 313-315. Working Papers (2023) (How) can public policies enable transformation? -Theory and practice of Post-Development in relation to the state, with Ana Agostino, DPS Working Paper Series (2022) Alternatives to \u2018development\u2019? Exploring counter\u2010hegemonic practices (with)in politics, economies and knowledges, DPS Working Paper Series (2021) Layers of Post-Development: De- and reconstructions in a world in which many worlds exist, DPS Working Paper Series (2016) Partnership and cooperation in Haiti: Clashes of reality and construction. DPS Working Paper Series No. 4, Department for Development and Postcolonial Studies, University Kassel. (2015) NGOs: Development actors as agents for alternatives to development? Exploring the case of Haiti. ZEF Research in Brief, Centre for Development Research, Bonn, September 2015.<\/p>\n","protected":false},"author":1,"featured_media":0,"parent":0,"menu_order":0,"comment_status":"closed","ping_status":"closed","template":"","meta":{"footnotes":""},"class_list":["post-113","page","type-page","status-publish","hentry"],"_links":{"self":[{"href":"https:\/\/juliaschoeneberg.de\/index.php?rest_route=\/wp\/v2\/pages\/113","targetHints":{"allow":["GET"]}}],"collection":[{"href":"https:\/\/juliaschoeneberg.de\/index.php?rest_route=\/wp\/v2\/pages"}],"about":[{"href":"https:\/\/juliaschoeneberg.de\/index.php?rest_route=\/wp\/v2\/types\/page"}],"author":[{"embeddable":true,"href":"https:\/\/juliaschoeneberg.de\/index.php?rest_route=\/wp\/v2\/users\/1"}],"replies":[{"embeddable":true,"href":"https:\/\/juliaschoeneberg.de\/index.php?rest_route=%2Fwp%2Fv2%2Fcomments&post=113"}],"version-history":[{"count":47,"href":"https:\/\/juliaschoeneberg.de\/index.php?rest_route=\/wp\/v2\/pages\/113\/revisions"}],"predecessor-version":[{"id":321,"href":"https:\/\/juliaschoeneberg.de\/index.php?rest_route=\/wp\/v2\/pages\/113\/revisions\/321"}],"wp:attachment":[{"href":"https:\/\/juliaschoeneberg.de\/index.php?rest_route=%2Fwp%2Fv2%2Fmedia&parent=113"}],"curies":[{"name":"wp","href":"https:\/\/api.w.org\/{rel}","templated":true}]}}